{"id":779,"date":"2024-09-14T17:13:19","date_gmt":"2024-09-14T17:13:19","guid":{"rendered":"https:\/\/astrainsaat.com\/anasayfa\/"},"modified":"2024-11-08T15:23:46","modified_gmt":"2024-11-08T15:23:46","slug":"anasayfa","status":"publish","type":"page","link":"https:\/\/astrainsaat.com\/tr\/","title":{"rendered":"Anasayfa"},"content":{"rendered":"\t\t<div data-elementor-type=\"wp-page\" data-elementor-id=\"779\" class=\"elementor elementor-779 elementor-19\">\n\t\t\t\t<div class=\"elementor-element elementor-element-6a75550 e-flex e-con-boxed e-con e-parent\" data-id=\"6a75550\" data-element_type=\"container\" data-settings=\"{&quot;background_background&quot;:&quot;video&quot;,&quot;background_play_on_mobile&quot;:&quot;yes&quot;,&quot;background_video_link&quot;:&quot;https:\\\/\\\/astrainsaat.com\\\/wp-content\\\/uploads\\\/2024\\\/09\\\/42923-434300950_medium.mp4&quot;}\">\n\t\t\t\t\t<div class=\"e-con-inner\">\n\t\t<div class=\"elementor-background-video-container\">\n\t\t\t\t\t\t\t<video class=\"elementor-background-video-hosted elementor-html5-video\" autoplay muted playsinline loop><\/video>\n\t\t\t\t\t<\/div>\t\t<div class=\"elementor-element elementor-element-9bdfb1d animated-slow elementor-invisible elementor-widget elementor-widget-heading\" data-id=\"9bdfb1d\" data-element_type=\"widget\" data-settings=\"{&quot;_animation&quot;:&quot;fadeInDown&quot;,&quot;_animation_delay&quot;:150}\" data-widget_type=\"heading.default\">\n\t\t\t\t<div class=\"elementor-widget-container\">\n\t\t\t\t\t<h1 class=\"elementor-heading-title elementor-size-default\">ASTRA \u0130N\u015eAAT'a Ho\u015f Geldiniz<\/h1>\t\t\t\t<\/div>\n\t\t\t\t<\/div>\n\t\t\t\t<div class=\"elementor-element elementor-element-7bd69f3 elementor-widget__width-initial animated-slow elementor-widget-mobile__width-initial elementor-invisible elementor-widget elementor-widget-text-editor\" data-id=\"7bd69f3\" data-element_type=\"widget\" data-settings=\"{&quot;_animation&quot;:&quot;fadeInUp&quot;,&quot;_animation_delay&quot;:150}\" data-widget_type=\"text-editor.default\">\n\t\t\t\t<div class=\"elementor-widget-container\">\n\t\t\t\t\t\t\t\t\t<p><span style=\"font-weight: 400;\">Bizim meydan okumam\u0131z m\u00fc\u015fterilerimizin vizyonunu ger\u00e7e\u011fe d\u00f6n\u00fc\u015ft\u00fcrmek ve kaliteli i\u015fletmenin eri\u015fimini geni\u015fletmektir.<\/span><\/p>\n\t\t\t\t\t\t\t\t<\/div>\n\t\t\t\t<\/div>\n\t\t\t\t<div class=\"elementor-element elementor-element-8824a23 animated-slow elementor-invisible elementor-widget elementor-widget-button\" data-id=\"8824a23\" data-element_type=\"widget\" data-settings=\"{&quot;_animation&quot;:&quot;fadeInUp&quot;,&quot;_animation_delay&quot;:200}\" data-widget_type=\"button.default\">\n\t\t\t\t<div class=\"elementor-widget-container\">\n\t\t\t\t\t\t\t\t\t<div class=\"elementor-button-wrapper\">\n\t\t\t\t\t<a class=\"elementor-button elementor-button-link elementor-size-sm\" href=\"https:\/\/astrainsaat.com\/tr\/hakkimizda\/\">\n\t\t\t\t\t\t<span class=\"elementor-button-content-wrapper\">\n\t\t\t\t\t\t\t\t\t<span class=\"elementor-button-text\">Bize kat\u0131l\u0131n<\/span>\n\t\t\t\t\t<\/span>\n\t\t\t\t\t<\/a>\n\t\t\t\t<\/div>\n\t\t\t\t\t\t\t\t<\/div>\n\t\t\t\t<\/div>\n\t\t\t\t\t<\/div>\n\t\t\t\t<\/div>\n\t\t\t\t<\/div>\n\t\t","protected":false},"excerpt":{"rendered":"<p>ASTRA \u0130N\u015eAAT&#8217;a Ho\u015f Geldiniz Bizim meydan okumam\u0131z m\u00fc\u015fterilerimizin vizyonunu ger\u00e7e\u011fe d\u00f6n\u00fc\u015ft\u00fcrmek ve kaliteli i\u015fletmenin eri\u015fimini geni\u015fletmektir. Bize kat\u0131l\u0131n<\/p>\n","protected":false},"author":1,"featured_media":0,"parent":0,"menu_order":0,"comment_status":"closed","ping_status":"closed","template":"","meta":{"footnotes":""},"class_list":["post-779","page","type-page","status-publish","hentry"],"_links":{"self":[{"href":"https:\/\/astrainsaat.com\/tr\/wp-json\/wp\/v2\/pages\/779","targetHints":{"allow":["GET"]}}],"collection":[{"href":"https:\/\/astrainsaat.com\/tr\/wp-json\/wp\/v2\/pages"}],"about":[{"href":"https:\/\/astrainsaat.com\/tr\/wp-json\/wp\/v2\/types\/page"}],"author":[{"embeddable":true,"href":"https:\/\/astrainsaat.com\/tr\/wp-json\/wp\/v2\/users\/1"}],"replies":[{"embeddable":true,"href":"https:\/\/astrainsaat.com\/tr\/wp-json\/wp\/v2\/comments?post=779"}],"version-history":[{"count":7,"href":"https:\/\/astrainsaat.com\/tr\/wp-json\/wp\/v2\/pages\/779\/revisions"}],"predecessor-version":[{"id":1247,"href":"https:\/\/astrainsaat.com\/tr\/wp-json\/wp\/v2\/pages\/779\/revisions\/1247"}],"wp:attachment":[{"href":"https:\/\/astrainsaat.com\/tr\/wp-json\/wp\/v2\/media?parent=779"}],"curies":[{"name":"wp","href":"https:\/\/api.w.org\/{rel}","templated":true}]}}