{"id":781,"date":"2024-09-14T17:13:29","date_gmt":"2024-09-14T17:13:29","guid":{"rendered":"https:\/\/astrainsaat.com\/iletisim\/"},"modified":"2024-11-13T19:05:31","modified_gmt":"2024-11-13T19:05:31","slug":"iletisim","status":"publish","type":"page","link":"https:\/\/astrainsaat.com\/tr\/iletisim\/","title":{"rendered":"\u0130LET\u0130\u015e\u0130M"},"content":{"rendered":"\t\t<div data-elementor-type=\"wp-page\" data-elementor-id=\"781\" class=\"elementor elementor-781 elementor-21\">\n\t\t\t\t<div class=\"elementor-element elementor-element-12e8baf e-flex e-con-boxed e-con e-parent\" data-id=\"12e8baf\" data-element_type=\"container\" data-settings=\"{&quot;background_background&quot;:&quot;classic&quot;}\">\n\t\t\t\t\t<div class=\"e-con-inner\">\n\t\t\t\t<div class=\"elementor-element elementor-element-ce0be50 elementor-invisible elementor-widget elementor-widget-heading\" data-id=\"ce0be50\" data-element_type=\"widget\" data-settings=\"{&quot;_animation&quot;:&quot;fadeInDown&quot;}\" data-widget_type=\"heading.default\">\n\t\t\t\t<div class=\"elementor-widget-container\">\n\t\t\t\t\t<h2 class=\"elementor-heading-title elementor-size-default\">\u0130LET\u0130\u015e\u0130M<\/h2>\t\t\t\t<\/div>\n\t\t\t\t<\/div>\n\t\t\t\t<div class=\"elementor-element elementor-element-0aef6a3 elementor-invisible elementor-widget elementor-widget-text-editor\" data-id=\"0aef6a3\" data-element_type=\"widget\" data-settings=\"{&quot;_animation&quot;:&quot;fadeInUp&quot;}\" data-widget_type=\"text-editor.default\">\n\t\t\t\t<div class=\"elementor-widget-container\">\n\t\t\t\t\t\t\t\t\t<p>Bir sorunuz mu var?<br \/>\nBizimle ileti\u015fime ge\u00e7in, size yard\u0131mc\u0131 olmaktan memnuniyet duyar\u0131z.<\/p>\n\t\t\t\t\t\t\t\t<\/div>\n\t\t\t\t<\/div>\n\t\t<div class=\"elementor-element elementor-element-4848e6a e-con-full e-flex e-con e-child\" data-id=\"4848e6a\" data-element_type=\"container\">\n\t\t<div class=\"elementor-element elementor-element-2682b7c e-con-full e-flex e-con e-child\" data-id=\"2682b7c\" data-element_type=\"container\">\n\t\t\t\t<div class=\"elementor-element elementor-element-49ca669 elementor-invisible elementor-widget elementor-widget-tp-contact-form-7\" data-id=\"49ca669\" data-element_type=\"widget\" data-settings=\"{&quot;_animation&quot;:&quot;fadeInLeft&quot;,&quot;_animation_delay&quot;:150}\" data-widget_type=\"tp-contact-form-7.default\">\n\t\t\t\t<div class=\"elementor-widget-container\">\n\t\t\t\t\t<div class=\"theplus-contact-form style-1 plus-cf7-custom text-center    after \" >\n<div class=\"wpcf7 no-js\" id=\"wpcf7-f830-o1\" lang=\"en-US\" dir=\"ltr\" data-wpcf7-id=\"830\">\n<div class=\"screen-reader-response\"><p role=\"status\" aria-live=\"polite\" aria-atomic=\"true\"><\/p> <ul><\/ul><\/div>\n<form action=\"\/tr\/wp-json\/wp\/v2\/pages\/781#wpcf7-f830-o1\" method=\"post\" class=\"wpcf7-form init\" aria-label=\"Contact form\" novalidate=\"novalidate\" data-status=\"init\">\n<div style=\"display: none;\">\n<input type=\"hidden\" name=\"_wpcf7\" value=\"830\" \/>\n<input type=\"hidden\" name=\"_wpcf7_version\" value=\"6.0.2\" \/>\n<input type=\"hidden\" name=\"_wpcf7_locale\" value=\"en_US\" \/>\n<input type=\"hidden\" name=\"_wpcf7_unit_tag\" value=\"wpcf7-f830-o1\" \/>\n<input type=\"hidden\" name=\"_wpcf7_container_post\" value=\"0\" \/>\n<input type=\"hidden\" name=\"_wpcf7_posted_data_hash\" value=\"\" \/>\n<\/div>\n<p><label> Ad\u0131n\u0131z<br \/>\n<span class=\"wpcf7-form-control-wrap\" data-name=\"your-name\"><input size=\"40\" maxlength=\"400\" class=\"wpcf7-form-control wpcf7-text wpcf7-validates-as-required\" autocomplete=\"name\" aria-required=\"true\" aria-invalid=\"false\" value=\"\" type=\"text\" name=\"your-name\" \/><\/span> <\/label>\n<\/p>\n<p><label> E-posta adresiniz<br \/>\n<span class=\"wpcf7-form-control-wrap\" data-name=\"your-email\"><input size=\"40\" maxlength=\"400\" class=\"wpcf7-form-control wpcf7-email wpcf7-validates-as-required wpcf7-text wpcf7-validates-as-email\" autocomplete=\"email\" aria-required=\"true\" aria-invalid=\"false\" value=\"\" type=\"email\" name=\"your-email\" \/><\/span> <\/label>\n<\/p>\n<p><label> Mesaj\u0131n\u0131z<br \/>\n<span class=\"wpcf7-form-control-wrap\" data-name=\"your-message\"><textarea cols=\"40\" rows=\"10\" maxlength=\"2000\" class=\"wpcf7-form-control wpcf7-textarea\" aria-invalid=\"false\" name=\"your-message\"><\/textarea><\/span> <\/label>\n<\/p>\n<p><input class=\"wpcf7-form-control wpcf7-submit has-spinner\" type=\"submit\" value=\"G\u00f6nder\" \/>\n<\/p><div class=\"wpcf7-response-output\" aria-hidden=\"true\"><\/div>\n<\/form>\n<\/div>\n<\/div>\t\t\t\t<\/div>\n\t\t\t\t<\/div>\n\t\t\t\t<\/div>\n\t\t<div class=\"elementor-element elementor-element-dfe47b3 e-con-full e-flex e-con e-child\" data-id=\"dfe47b3\" data-element_type=\"container\">\n\t\t\t\t<div class=\"elementor-element elementor-element-0df56f8 elementor-invisible elementor-widget elementor-widget-text-editor\" data-id=\"0df56f8\" data-element_type=\"widget\" data-settings=\"{&quot;_animation&quot;:&quot;fadeInRight&quot;,&quot;_animation_delay&quot;:150,&quot;_animation_mobile&quot;:&quot;fadeIn&quot;}\" data-widget_type=\"text-editor.default\">\n\t\t\t\t<div class=\"elementor-widget-container\">\n\t\t\t\t\t\t\t\t\t<p><b>ASTRA \u0130N\u015eAAT SANAY\u0130 T\u0130CARET L\u0130M\u0130TED \u015e\u0130RKET\u0130\u00a0<\/b><\/p><p><b>Adress<\/b><\/p><p><span style=\"font-weight: 400;\">MEYDANKAVA\u011eI MAH. 1562\/1 SK. \u0130SMA\u0130LBEY APT S\u0130TES\u0130 NO: 10A\u00a0<\/span><\/p><p><span style=\"font-weight: 400;\">07200 MURATPA\u015eA\u00a0&#8211; ANTALYA<\/span><\/p><p><strong>E-mail<\/strong><\/p><p><a href=\"mailto:office@astrainsaat.com\"><span style=\"font-weight: 400;\">office@astrainsaat.com<\/span><\/a><\/p><p><strong>Phone<\/strong><\/p><p>+90 534 520 15 97<\/p><p><strong>\u200bWhatsApp:<\/strong><\/p><p>+ 381 66 250590<br \/>+ 7 9265307150<br \/>+ 7 964 646 66 38<\/p>\t\t\t\t\t\t\t\t<\/div>\n\t\t\t\t<\/div>\n\t\t\t\t<\/div>\n\t\t\t\t<\/div>\n\t\t\t\t\t<\/div>\n\t\t\t\t<\/div>\n\t\t\t\t<\/div>\n\t\t","protected":false},"excerpt":{"rendered":"<p>\u0130LET\u0130\u015e\u0130M Bir sorunuz mu var? Bizimle ileti\u015fime ge\u00e7in, size yard\u0131mc\u0131 olmaktan memnuniyet duyar\u0131z. Ad\u0131n\u0131z E-posta adresiniz Mesaj\u0131n\u0131z ASTRA \u0130N\u015eAAT SANAY\u0130 T\u0130CARET L\u0130M\u0130TED \u015e\u0130RKET\u0130\u00a0 Adress MEYDANKAVA\u011eI MAH. 1562\/1 SK. \u0130SMA\u0130LBEY APT S\u0130TES\u0130 NO: 10A\u00a0 07200 MURATPA\u015eA\u00a0&#8211; ANTALYA E-mail office@astrainsaat.com Phone +90 534 520 15 97 \u200bWhatsApp: + 381 66 250590+ 7 9265307150+ 7 964 646 66 [&hellip;]<\/p>\n","protected":false},"author":1,"featured_media":0,"parent":0,"menu_order":0,"comment_status":"closed","ping_status":"closed","template":"","meta":{"footnotes":""},"class_list":["post-781","page","type-page","status-publish","hentry"],"_links":{"self":[{"href":"https:\/\/astrainsaat.com\/tr\/wp-json\/wp\/v2\/pages\/781","targetHints":{"allow":["GET"]}}],"collection":[{"href":"https:\/\/astrainsaat.com\/tr\/wp-json\/wp\/v2\/pages"}],"about":[{"href":"https:\/\/astrainsaat.com\/tr\/wp-json\/wp\/v2\/types\/page"}],"author":[{"embeddable":true,"href":"https:\/\/astrainsaat.com\/tr\/wp-json\/wp\/v2\/users\/1"}],"replies":[{"embeddable":true,"href":"https:\/\/astrainsaat.com\/tr\/wp-json\/wp\/v2\/comments?post=781"}],"version-history":[{"count":10,"href":"https:\/\/astrainsaat.com\/tr\/wp-json\/wp\/v2\/pages\/781\/revisions"}],"predecessor-version":[{"id":1277,"href":"https:\/\/astrainsaat.com\/tr\/wp-json\/wp\/v2\/pages\/781\/revisions\/1277"}],"wp:attachment":[{"href":"https:\/\/astrainsaat.com\/tr\/wp-json\/wp\/v2\/media?parent=781"}],"curies":[{"name":"wp","href":"https:\/\/api.w.org\/{rel}","templated":true}]}}